{"id":989366,"date":"2025-10-28T21:46:18","date_gmt":"2025-10-28T20:46:18","guid":{"rendered":"https:\/\/www.mavi.moodmama.it\/?page_id=989366"},"modified":"2025-12-23T19:41:59","modified_gmt":"2025-12-23T18:41:59","slug":"sm5","status":"publish","type":"page","link":"https:\/\/maviceramica.it\/?page_id=989366","title":{"rendered":"SM5"},"content":{"rendered":"\t\t<div data-elementor-type=\"wp-page\" data-elementor-id=\"989366\" class=\"elementor elementor-989366\">\n\t\t\t\t<div class=\"elementor-element elementor-element-644bd090 e-flex e-con-boxed e-con e-parent\" data-id=\"644bd090\" data-element_type=\"container\" data-settings=\"{&quot;background_background&quot;:&quot;classic&quot;}\">\n\t\t\t\t\t<div class=\"e-con-inner\">\n\t\t<div class=\"elementor-element elementor-element-32795c56 e-con-full e-flex e-con e-child\" data-id=\"32795c56\" data-element_type=\"container\">\n\t\t<div class=\"elementor-element elementor-element-39afe3b8 e-con-full e-flex e-con e-child\" data-id=\"39afe3b8\" data-element_type=\"container\">\n\t\t\t\t<div class=\"elementor-element elementor-element-4e8777fc elementor-widget elementor-widget-heading\" data-id=\"4e8777fc\" data-element_type=\"widget\" data-widget_type=\"heading.default\">\n\t\t\t\t<div class=\"elementor-widget-container\">\n\t\t\t<h6 class=\"elementor-heading-title elementor-size-default\">Studio<\/h6>\t\t<\/div>\n\t\t\t\t<\/div>\n\t\t\t\t<div class=\"elementor-element elementor-element-1a9ea8ff elementor-widget__width-initial elementor-widget-mobile__width-inherit elementor-widget elementor-widget-theme-post-title elementor-page-title elementor-widget-heading\" data-id=\"1a9ea8ff\" data-element_type=\"widget\" data-widget_type=\"theme-post-title.default\">\n\t\t\t\t<div class=\"elementor-widget-container\">\n\t\t\t<h1 class=\"elementor-heading-title elementor-size-default\">SM5<\/h1>\t\t<\/div>\n\t\t\t\t<\/div>\n\t\t\t\t<div class=\"elementor-element elementor-element-65770d2b elementor-widget elementor-widget-text-editor\" data-id=\"65770d2b\" data-element_type=\"widget\" data-widget_type=\"text-editor.default\">\n\t\t\t\t<div class=\"elementor-widget-container\">\n\t\t\t\t\t\t\t<p><span style=\"font-weight: 400;\">SM5 \u00e8 uno studio di progettazione fondato nel 2004 dall\u2019architetto Carlo Martino ed ampliato nel tempo ad altri soci. <\/span><\/p><p><span style=\"font-weight: 400;\">Attivo in diversi ambiti del design &#8211; product design, exhibit design, graphic design e strategic design &#8211; lo studio \u00e8 strutturato come un network di creativi con competenze multidisciplinari, caratteristica questa che gli ha permesso di sviluppare progetti articolati e di curare la direzione artistica di alcuni grandi brand italiani. <\/span><\/p><p><span style=\"font-weight: 400;\">Quest\u2019ultima attivit\u00e0, sviluppata come \u201cregia\u201d, permette alle imprese clienti di semplificare dinamiche e processi solitamente delegati a pi\u00f9 entit\u00e0, ottenendo un prodotto finale coerente e di qualit\u00e0.<\/span><\/p>\t\t\t\t\t\t<\/div>\n\t\t\t\t<\/div>\n\t\t\t\t<\/div>\n\t\t\t\t<\/div>\n\t\t<div class=\"elementor-element elementor-element-584b7c91 e-con-full e-flex e-con e-child\" data-id=\"584b7c91\" data-element_type=\"container\" data-settings=\"{&quot;background_background&quot;:&quot;classic&quot;,&quot;sticky&quot;:&quot;top&quot;,&quot;sticky_offset&quot;:80,&quot;sticky_parent&quot;:&quot;yes&quot;,&quot;sticky_on&quot;:[&quot;desktop&quot;],&quot;sticky_effects_offset&quot;:0}\">\n\t\t\t\t<div class=\"vamtam-has-theme-widget-styles elementor-element elementor-element-70f8fc16 elementor-invisible animated-fast elementor-widget elementor-widget-image\" data-id=\"70f8fc16\" data-element_type=\"widget\" data-settings=\"{&quot;_animation&quot;:&quot;imageGrowWithScaleLeft&quot;}\" data-widget_type=\"image.default\">\n\t\t\t\t<div class=\"elementor-widget-container\">\n\t\t\t\t\t\t\t<div class=\"elementor-image\">\n\t\t\t\t\t\t\t\t\t\t\t<div class=\"vamtam-image-wrapper\">\n\t\t\t\t\t\t\t\t\t\t\t\t\t\t\t\t\t\t\t\t\t<img fetchpriority=\"high\" decoding=\"async\" width=\"1536\" height=\"1536\" src=\"https:\/\/maviceramica.it\/wp-content\/uploads\/2025\/10\/Foto-SM5-1536x1536.jpg\" class=\"attachment-1536x1536 size-1536x1536 wp-image-989368\" alt=\"\" srcset=\"https:\/\/maviceramica.it\/wp-content\/uploads\/2025\/10\/Foto-SM5-1536x1536.jpg 1536w, https:\/\/maviceramica.it\/wp-content\/uploads\/2025\/10\/Foto-SM5-300x300.jpg 300w, https:\/\/maviceramica.it\/wp-content\/uploads\/2025\/10\/Foto-SM5-1024x1024.jpg 1024w, https:\/\/maviceramica.it\/wp-content\/uploads\/2025\/10\/Foto-SM5-150x150.jpg 150w, https:\/\/maviceramica.it\/wp-content\/uploads\/2025\/10\/Foto-SM5-768x768.jpg 768w, https:\/\/maviceramica.it\/wp-content\/uploads\/2025\/10\/Foto-SM5.jpg 1944w\" sizes=\"(max-width: 1536px) 100vw, 1536px\" \/>\t\t\t\t\t\t\t\t\t\t\t\t\t\t\t\t\t\t\t\t\t\t\t\t\t\t<\/div>\n\t\t\t\t\t\t\t\t\t<\/div>\n\t\t\t\t\t\t<\/div>\n\t\t\t\t<\/div>\n\t\t\t\t<\/div>\n\t\t<div class=\"elementor-element elementor-element-562f62ec e-con-full e-flex e-con e-child\" data-id=\"562f62ec\" data-element_type=\"container\" data-settings=\"{&quot;sticky&quot;:&quot;top&quot;,&quot;sticky_on&quot;:[&quot;desktop&quot;],&quot;sticky_offset&quot;:80,&quot;sticky_parent&quot;:&quot;yes&quot;,&quot;sticky_effects_offset&quot;:0}\">\n\t\t\t\t<div class=\"elementor-element elementor-element-1d592b10 elementor-widget elementor-widget-text-editor\" data-id=\"1d592b10\" data-element_type=\"widget\" data-widget_type=\"text-editor.default\">\n\t\t\t\t<div class=\"elementor-widget-container\">\n\t\t\t\t\t\t\t<p><span style=\"font-weight: 400;\">Ha ottenuto numerosi premi internazionali: <\/span><\/p><p><span style=\"font-weight: 400;\">Design Plus, Selezione Adi Index, If Design Award, Good Design, Red Dot Design Award, Cersaie Exhibit Design Award, Designpreis Der Bundesrepublik Deutschland, Innovation Preis Architektur Und Technik ed il Best Design Exhibit Award.<\/span><\/p>\t\t\t\t\t\t<\/div>\n\t\t\t\t<\/div>\n\t\t\t\t<\/div>\n\t\t\t\t\t<\/div>\n\t\t\t\t<\/div>\n\t\t\t\t<\/div>\n\t\t","protected":false},"excerpt":{"rendered":"<p>SM5 \u00e8 uno studio di progettazione fondato nel 2004 dall\u2019architetto Carlo Martino ed ampliato nel tempo ad altri soci. Attivo in diversi ambiti del design &#8211; product design, exhibit design, graphic design e strategic design &#8211; lo studio \u00e8 strutturato come un network di creativi con competenze multidisciplinari, caratteristica questa che gli ha permesso di&#8230;<\/p>\n","protected":false},"author":1,"featured_media":989368,"parent":1770,"menu_order":0,"comment_status":"closed","ping_status":"closed","template":"","meta":{"footnotes":""},"class_list":["post-989366","page","type-page","status-publish","has-post-thumbnail","hentry"],"yoast_head":"<!-- This site is optimized with the Yoast SEO plugin v26.9 - https:\/\/yoast.com\/product\/yoast-seo-wordpress\/ -->\n<title>SM5 - Ma.Vi. Ceramica<\/title>\n<meta name=\"robots\" content=\"index, follow, max-snippet:-1, max-image-preview:large, max-video-preview:-1\" \/>\n<link rel=\"canonical\" href=\"https:\/\/maviceramica.it\/?page_id=989366\" \/>\n<meta property=\"og:locale\" content=\"it_IT\" \/>\n<meta property=\"og:type\" content=\"article\" \/>\n<meta property=\"og:title\" content=\"SM5 - Ma.Vi. Ceramica\" \/>\n<meta property=\"og:description\" content=\"SM5 \u00e8 uno studio di progettazione fondato nel 2004 dall\u2019architetto Carlo Martino ed ampliato nel tempo ad altri soci. Attivo in diversi ambiti del design &#8211; product design, exhibit design, graphic design e strategic design &#8211; lo studio \u00e8 strutturato come un network di creativi con competenze multidisciplinari, caratteristica questa che gli ha permesso di...\" \/>\n<meta property=\"og:url\" content=\"https:\/\/maviceramica.it\/?page_id=989366\" \/>\n<meta property=\"og:site_name\" content=\"Ma.Vi. Ceramica\" \/>\n<meta property=\"article:modified_time\" content=\"2025-12-23T18:41:59+00:00\" \/>\n<meta property=\"og:image\" content=\"https:\/\/maviceramica.it\/wp-content\/uploads\/2025\/10\/Foto-SM5.jpg\" \/>\n\t<meta property=\"og:image:width\" content=\"1944\" \/>\n\t<meta property=\"og:image:height\" content=\"1944\" \/>\n\t<meta property=\"og:image:type\" content=\"image\/jpeg\" \/>\n<meta name=\"twitter:card\" content=\"summary_large_image\" \/>\n<meta name=\"twitter:label1\" content=\"Tempo di lettura stimato\" \/>\n\t<meta name=\"twitter:data1\" content=\"1 minuto\" \/>\n<script type=\"application\/ld+json\" class=\"yoast-schema-graph\">{\"@context\":\"https:\/\/schema.org\",\"@graph\":[{\"@type\":\"WebPage\",\"@id\":\"https:\/\/maviceramica.it\/?page_id=989366\",\"url\":\"https:\/\/maviceramica.it\/?page_id=989366\",\"name\":\"SM5 - Ma.Vi. Ceramica\",\"isPartOf\":{\"@id\":\"https:\/\/maviceramica.it\/#website\"},\"primaryImageOfPage\":{\"@id\":\"https:\/\/maviceramica.it\/?page_id=989366#primaryimage\"},\"image\":{\"@id\":\"https:\/\/maviceramica.it\/?page_id=989366#primaryimage\"},\"thumbnailUrl\":\"https:\/\/maviceramica.it\/wp-content\/uploads\/2025\/10\/Foto-SM5.jpg\",\"datePublished\":\"2025-10-28T20:46:18+00:00\",\"dateModified\":\"2025-12-23T18:41:59+00:00\",\"breadcrumb\":{\"@id\":\"https:\/\/maviceramica.it\/?page_id=989366#breadcrumb\"},\"inLanguage\":\"it-IT\",\"potentialAction\":[{\"@type\":\"ReadAction\",\"target\":[\"https:\/\/maviceramica.it\/?page_id=989366\"]}]},{\"@type\":\"ImageObject\",\"inLanguage\":\"it-IT\",\"@id\":\"https:\/\/maviceramica.it\/?page_id=989366#primaryimage\",\"url\":\"https:\/\/maviceramica.it\/wp-content\/uploads\/2025\/10\/Foto-SM5.jpg\",\"contentUrl\":\"https:\/\/maviceramica.it\/wp-content\/uploads\/2025\/10\/Foto-SM5.jpg\",\"width\":1944,\"height\":1944,\"caption\":\"Studio\"},{\"@type\":\"BreadcrumbList\",\"@id\":\"https:\/\/maviceramica.it\/?page_id=989366#breadcrumb\",\"itemListElement\":[{\"@type\":\"ListItem\",\"position\":1,\"name\":\"Home\",\"item\":\"https:\/\/maviceramica.it\/\"},{\"@type\":\"ListItem\",\"position\":2,\"name\":\"Designer\",\"item\":\"https:\/\/maviceramica.it\/?page_id=1770\"},{\"@type\":\"ListItem\",\"position\":3,\"name\":\"SM5\"}]},{\"@type\":\"WebSite\",\"@id\":\"https:\/\/maviceramica.it\/#website\",\"url\":\"https:\/\/maviceramica.it\/\",\"name\":\"Ma.Vi. Ceramica\",\"description\":\"Ceramiche di Design\",\"publisher\":{\"@id\":\"https:\/\/maviceramica.it\/#organization\"},\"potentialAction\":[{\"@type\":\"SearchAction\",\"target\":{\"@type\":\"EntryPoint\",\"urlTemplate\":\"https:\/\/maviceramica.it\/?s={search_term_string}\"},\"query-input\":{\"@type\":\"PropertyValueSpecification\",\"valueRequired\":true,\"valueName\":\"search_term_string\"}}],\"inLanguage\":\"it-IT\"},{\"@type\":\"Organization\",\"@id\":\"https:\/\/maviceramica.it\/#organization\",\"name\":\"Ma.Vi. Ceramica\",\"url\":\"https:\/\/maviceramica.it\/\",\"logo\":{\"@type\":\"ImageObject\",\"inLanguage\":\"it-IT\",\"@id\":\"https:\/\/maviceramica.it\/#\/schema\/logo\/image\/\",\"url\":\"https:\/\/maviceramica.it\/wp-content\/uploads\/2025\/04\/Logo.svg\",\"contentUrl\":\"https:\/\/maviceramica.it\/wp-content\/uploads\/2025\/04\/Logo.svg\",\"width\":2090,\"height\":512,\"caption\":\"Ma.Vi. Ceramica\"},\"image\":{\"@id\":\"https:\/\/maviceramica.it\/#\/schema\/logo\/image\/\"}}]}<\/script>\n<!-- \/ Yoast SEO plugin. -->","yoast_head_json":{"title":"SM5 - Ma.Vi. Ceramica","robots":{"index":"index","follow":"follow","max-snippet":"max-snippet:-1","max-image-preview":"max-image-preview:large","max-video-preview":"max-video-preview:-1"},"canonical":"https:\/\/maviceramica.it\/?page_id=989366","og_locale":"it_IT","og_type":"article","og_title":"SM5 - Ma.Vi. Ceramica","og_description":"SM5 \u00e8 uno studio di progettazione fondato nel 2004 dall\u2019architetto Carlo Martino ed ampliato nel tempo ad altri soci. Attivo in diversi ambiti del design &#8211; product design, exhibit design, graphic design e strategic design &#8211; lo studio \u00e8 strutturato come un network di creativi con competenze multidisciplinari, caratteristica questa che gli ha permesso di...","og_url":"https:\/\/maviceramica.it\/?page_id=989366","og_site_name":"Ma.Vi. Ceramica","article_modified_time":"2025-12-23T18:41:59+00:00","og_image":[{"width":1944,"height":1944,"url":"https:\/\/maviceramica.it\/wp-content\/uploads\/2025\/10\/Foto-SM5.jpg","type":"image\/jpeg"}],"twitter_card":"summary_large_image","twitter_misc":{"Tempo di lettura stimato":"1 minuto"},"schema":{"@context":"https:\/\/schema.org","@graph":[{"@type":"WebPage","@id":"https:\/\/maviceramica.it\/?page_id=989366","url":"https:\/\/maviceramica.it\/?page_id=989366","name":"SM5 - Ma.Vi. Ceramica","isPartOf":{"@id":"https:\/\/maviceramica.it\/#website"},"primaryImageOfPage":{"@id":"https:\/\/maviceramica.it\/?page_id=989366#primaryimage"},"image":{"@id":"https:\/\/maviceramica.it\/?page_id=989366#primaryimage"},"thumbnailUrl":"https:\/\/maviceramica.it\/wp-content\/uploads\/2025\/10\/Foto-SM5.jpg","datePublished":"2025-10-28T20:46:18+00:00","dateModified":"2025-12-23T18:41:59+00:00","breadcrumb":{"@id":"https:\/\/maviceramica.it\/?page_id=989366#breadcrumb"},"inLanguage":"it-IT","potentialAction":[{"@type":"ReadAction","target":["https:\/\/maviceramica.it\/?page_id=989366"]}]},{"@type":"ImageObject","inLanguage":"it-IT","@id":"https:\/\/maviceramica.it\/?page_id=989366#primaryimage","url":"https:\/\/maviceramica.it\/wp-content\/uploads\/2025\/10\/Foto-SM5.jpg","contentUrl":"https:\/\/maviceramica.it\/wp-content\/uploads\/2025\/10\/Foto-SM5.jpg","width":1944,"height":1944,"caption":"Studio"},{"@type":"BreadcrumbList","@id":"https:\/\/maviceramica.it\/?page_id=989366#breadcrumb","itemListElement":[{"@type":"ListItem","position":1,"name":"Home","item":"https:\/\/maviceramica.it\/"},{"@type":"ListItem","position":2,"name":"Designer","item":"https:\/\/maviceramica.it\/?page_id=1770"},{"@type":"ListItem","position":3,"name":"SM5"}]},{"@type":"WebSite","@id":"https:\/\/maviceramica.it\/#website","url":"https:\/\/maviceramica.it\/","name":"Ma.Vi. Ceramica","description":"Ceramiche di Design","publisher":{"@id":"https:\/\/maviceramica.it\/#organization"},"potentialAction":[{"@type":"SearchAction","target":{"@type":"EntryPoint","urlTemplate":"https:\/\/maviceramica.it\/?s={search_term_string}"},"query-input":{"@type":"PropertyValueSpecification","valueRequired":true,"valueName":"search_term_string"}}],"inLanguage":"it-IT"},{"@type":"Organization","@id":"https:\/\/maviceramica.it\/#organization","name":"Ma.Vi. Ceramica","url":"https:\/\/maviceramica.it\/","logo":{"@type":"ImageObject","inLanguage":"it-IT","@id":"https:\/\/maviceramica.it\/#\/schema\/logo\/image\/","url":"https:\/\/maviceramica.it\/wp-content\/uploads\/2025\/04\/Logo.svg","contentUrl":"https:\/\/maviceramica.it\/wp-content\/uploads\/2025\/04\/Logo.svg","width":2090,"height":512,"caption":"Ma.Vi. Ceramica"},"image":{"@id":"https:\/\/maviceramica.it\/#\/schema\/logo\/image\/"}}]}},"_links":{"self":[{"href":"https:\/\/maviceramica.it\/index.php?rest_route=\/wp\/v2\/pages\/989366","targetHints":{"allow":["GET"]}}],"collection":[{"href":"https:\/\/maviceramica.it\/index.php?rest_route=\/wp\/v2\/pages"}],"about":[{"href":"https:\/\/maviceramica.it\/index.php?rest_route=\/wp\/v2\/types\/page"}],"author":[{"embeddable":true,"href":"https:\/\/maviceramica.it\/index.php?rest_route=\/wp\/v2\/users\/1"}],"replies":[{"embeddable":true,"href":"https:\/\/maviceramica.it\/index.php?rest_route=%2Fwp%2Fv2%2Fcomments&post=989366"}],"version-history":[{"count":7,"href":"https:\/\/maviceramica.it\/index.php?rest_route=\/wp\/v2\/pages\/989366\/revisions"}],"predecessor-version":[{"id":990359,"href":"https:\/\/maviceramica.it\/index.php?rest_route=\/wp\/v2\/pages\/989366\/revisions\/990359"}],"up":[{"embeddable":true,"href":"https:\/\/maviceramica.it\/index.php?rest_route=\/wp\/v2\/pages\/1770"}],"wp:featuredmedia":[{"embeddable":true,"href":"https:\/\/maviceramica.it\/index.php?rest_route=\/wp\/v2\/media\/989368"}],"wp:attachment":[{"href":"https:\/\/maviceramica.it\/index.php?rest_route=%2Fwp%2Fv2%2Fmedia&parent=989366"}],"curies":[{"name":"wp","href":"https:\/\/api.w.org\/{rel}","templated":true}]}}