{"id":3887,"date":"2025-05-29T12:29:00","date_gmt":"2025-05-29T12:29:00","guid":{"rendered":"https:\/\/minnaro.vamtam.com\/?page_id=3887"},"modified":"2025-12-23T19:36:32","modified_gmt":"2025-12-23T18:36:32","slug":"giuseppe-cicalese","status":"publish","type":"page","link":"https:\/\/maviceramica.it\/?page_id=3887","title":{"rendered":"Giuseppe Cicalese"},"content":{"rendered":"\t\t<div data-elementor-type=\"wp-page\" data-elementor-id=\"3887\" class=\"elementor elementor-3887\">\n\t\t\t\t<div class=\"elementor-element elementor-element-f47fb5b e-flex e-con-boxed e-con e-parent\" data-id=\"f47fb5b\" data-element_type=\"container\" data-settings=\"{&quot;background_background&quot;:&quot;classic&quot;}\">\n\t\t\t\t\t<div class=\"e-con-inner\">\n\t\t<div class=\"elementor-element elementor-element-3b3226e e-con-full e-flex e-con e-child\" data-id=\"3b3226e\" data-element_type=\"container\">\n\t\t<div class=\"elementor-element elementor-element-51b05f3 e-con-full e-flex e-con e-child\" data-id=\"51b05f3\" data-element_type=\"container\">\n\t\t\t\t<div class=\"elementor-element elementor-element-e13d331 elementor-widget elementor-widget-heading\" data-id=\"e13d331\" data-element_type=\"widget\" data-widget_type=\"heading.default\">\n\t\t\t\t<div class=\"elementor-widget-container\">\n\t\t\t<h6 class=\"elementor-heading-title elementor-size-default\">Architetto<\/h6>\t\t<\/div>\n\t\t\t\t<\/div>\n\t\t\t\t<div class=\"elementor-element elementor-element-ed97efe elementor-widget__width-initial elementor-widget-mobile__width-inherit elementor-widget elementor-widget-theme-post-title elementor-page-title elementor-widget-heading\" data-id=\"ed97efe\" data-element_type=\"widget\" data-widget_type=\"theme-post-title.default\">\n\t\t\t\t<div class=\"elementor-widget-container\">\n\t\t\t<h1 class=\"elementor-heading-title elementor-size-default\">Giuseppe Cicalese<\/h1>\t\t<\/div>\n\t\t\t\t<\/div>\n\t\t\t\t<div class=\"elementor-element elementor-element-6067827 elementor-widget elementor-widget-text-editor\" data-id=\"6067827\" data-element_type=\"widget\" data-widget_type=\"text-editor.default\">\n\t\t\t\t<div class=\"elementor-widget-container\">\n\t\t\t\t\t\t\t<p><span style=\"font-weight: 400;\">Nasce nel 1976 a Cava de\u2019 Tirreni dove vive e lavora.<\/span><\/p><p><span style=\"font-weight: 400;\">Trascorre l\u2019infanzia\u00a0 a Vietri sul Mare. L\u2019influenza di questo luogo \u00e8 di fondamentale importanza per la sua successiva formazione. Gi\u00e0 da piccolo matura il suo interesse per il mondo dei colori, e di quanto \u00e8 legato all\u2019espressione artistica.<\/span><\/p><p><span style=\"font-weight: 400;\">Si diploma presso il liceo artistico di Salerno nel 1995, iniziando presto a lavorare come artigiano nelle varie faenzere di Cava de\u2019 Tirreni e di Vietri sul Mare. Pur parlando egli stesso di fortuita casualit\u00e0, approda, quindi, con convinzione alla ceramica, avendo compreso di avere notevoli doti di disegnatore e di poter utilizzare con disinvoltura la sua precisa preparazione tecnica. I primi lavori, le prime esperienze, sono legate ad una produzione tradizionale vietrese, passaggio obbligato per una buona formazione. Il bisogno di staccarsi sopraggiunge in seguito, un distacco non facile, sicuramente sentito e stimolato dalla frequentazione di vari artisti del territorio. <\/span><\/p>\t\t\t\t\t\t<\/div>\n\t\t\t\t<\/div>\n\t\t\t\t<\/div>\n\t\t\t\t<\/div>\n\t\t<div class=\"elementor-element elementor-element-a401e76 e-con-full e-flex e-con e-child\" data-id=\"a401e76\" data-element_type=\"container\" data-settings=\"{&quot;background_background&quot;:&quot;classic&quot;,&quot;sticky&quot;:&quot;top&quot;,&quot;sticky_offset&quot;:80,&quot;sticky_parent&quot;:&quot;yes&quot;,&quot;sticky_on&quot;:[&quot;desktop&quot;],&quot;sticky_effects_offset&quot;:0}\">\n\t\t\t\t<div class=\"vamtam-has-theme-widget-styles elementor-element elementor-element-defbd9a elementor-invisible animated-fast elementor-widget elementor-widget-image\" data-id=\"defbd9a\" data-element_type=\"widget\" data-settings=\"{&quot;_animation&quot;:&quot;imageGrowWithScaleLeft&quot;}\" data-widget_type=\"image.default\">\n\t\t\t\t<div class=\"elementor-widget-container\">\n\t\t\t\t\t\t\t<div class=\"elementor-image\">\n\t\t\t\t\t\t\t\t\t\t\t<div class=\"vamtam-image-wrapper\">\n\t\t\t\t\t\t\t\t\t\t\t\t\t\t\t\t\t\t\t\t\t<img fetchpriority=\"high\" decoding=\"async\" width=\"1536\" height=\"1536\" src=\"https:\/\/maviceramica.it\/wp-content\/uploads\/2025\/09\/Giuseppe-Cicalese-1536x1536-1.jpg\" class=\"attachment-1536x1536 size-1536x1536 wp-image-987885\" alt=\"\" srcset=\"https:\/\/maviceramica.it\/wp-content\/uploads\/2025\/09\/Giuseppe-Cicalese-1536x1536-1.jpg 1536w, https:\/\/maviceramica.it\/wp-content\/uploads\/2025\/09\/Giuseppe-Cicalese-1536x1536-1-300x300.jpg 300w, https:\/\/maviceramica.it\/wp-content\/uploads\/2025\/09\/Giuseppe-Cicalese-1536x1536-1-1024x1024.jpg 1024w, https:\/\/maviceramica.it\/wp-content\/uploads\/2025\/09\/Giuseppe-Cicalese-1536x1536-1-150x150.jpg 150w, https:\/\/maviceramica.it\/wp-content\/uploads\/2025\/09\/Giuseppe-Cicalese-1536x1536-1-768x768.jpg 768w\" sizes=\"(max-width: 1536px) 100vw, 1536px\" \/>\t\t\t\t\t\t\t\t\t\t\t\t\t\t\t\t\t\t\t\t\t\t\t\t\t\t<\/div>\n\t\t\t\t\t\t\t\t\t<\/div>\n\t\t\t\t\t\t<\/div>\n\t\t\t\t<\/div>\n\t\t\t\t<\/div>\n\t\t<div class=\"elementor-element elementor-element-9050021 e-con-full e-flex e-con e-child\" data-id=\"9050021\" data-element_type=\"container\" data-settings=\"{&quot;sticky&quot;:&quot;top&quot;,&quot;sticky_on&quot;:[&quot;desktop&quot;],&quot;sticky_offset&quot;:80,&quot;sticky_parent&quot;:&quot;yes&quot;,&quot;sticky_effects_offset&quot;:0}\">\n\t\t\t\t<div class=\"elementor-element elementor-element-907dfdc elementor-widget elementor-widget-text-editor\" data-id=\"907dfdc\" data-element_type=\"widget\" data-widget_type=\"text-editor.default\">\n\t\t\t\t<div class=\"elementor-widget-container\">\n\t\t\t\t\t\t\t<p><span style=\"font-weight: 400;\">\u00c8 soltanto nel 1999 che incontra per la prima volta il maestro Pietro Lista, frequentando questi la bottega cavese nella quale Cicalese lavora come decoratore: un incontro casuale, che ben presto si rivela essere la radice solida da cui sarebbe scaturita una importante serie di collaborazioni artistiche.<\/span><\/p><p><span style=\"font-weight: 400;\">Il rapporto si consolida sulla base di una profonda conoscenza reciproca e di una sincera stima. I due artisti, infatti, sebbene molto diversi tra loro per storia e formazione, trovano una naturale complementariet\u00e0, che investe anche il campo della ceramica, ma che costituisce soprattutto un sodalizio amicale.\u00a0<\/span><\/p><p><span style=\"font-weight: 400;\">&#8220;Il maestro rappresenta l\u2019elemento di rottura di cui sentivo il bisogno e la possibilit\u00e0 affianco a lui di respirare e nutrirmi di quell\u2019arte di cui lui si ciba ogni giorno\u201d, dichiara lo stesso Cicalese.<\/span><\/p><p><span style=\"font-weight: 400;\">In seguito collabora per un rilevante progetto espositivo dell\u2019artista tedesca Linde Burkhardt.<\/span><\/p><p><span style=\"font-weight: 400;\">Attualmente\u00a0 continua la sua ricerca, sperimentando nuove forme e nuovi decori nell\u2019ambito della lavorazione in ceramica.<\/span><\/p>\t\t\t\t\t\t<\/div>\n\t\t\t\t<\/div>\n\t\t\t\t<\/div>\n\t\t\t\t\t<\/div>\n\t\t\t\t<\/div>\n\t\t\t\t<\/div>\n\t\t","protected":false},"excerpt":{"rendered":"<p>Mikaela Morra is the visionary force behind Minnaro, an interior design studio known for its refined aesthetic, thoughtful craftsmanship, and emotionally resonant spaces. With a background in textile and product design and a deep understanding of architectural form, Mikaela brings a unique, holistic approach to each project\u2014where interiors are not just designed, but deeply considered and curated.<br \/>\n<br \/>\nDriven by a passion for quiet luxury and timeless design, Mikaela blends elegance with functionality, drawing inspiration from natural materials, subtle palettes, and the stories of the people who inhabit each space. Her meticulous eye for detail and intuitive understanding of how people live have made Minnaro a trusted studio for discerning clients seeking spaces that feel both sophisticated and soulful.<\/p>\n","protected":false},"author":1,"featured_media":987885,"parent":1770,"menu_order":0,"comment_status":"closed","ping_status":"closed","template":"","meta":{"footnotes":""},"class_list":["post-3887","page","type-page","status-publish","has-post-thumbnail","hentry"],"yoast_head":"<!-- This site is optimized with the Yoast SEO plugin v26.9 - https:\/\/yoast.com\/product\/yoast-seo-wordpress\/ -->\n<title>Giuseppe Cicalese - Ma.Vi. Ceramica<\/title>\n<meta name=\"robots\" content=\"index, follow, max-snippet:-1, max-image-preview:large, max-video-preview:-1\" \/>\n<link rel=\"canonical\" href=\"https:\/\/maviceramica.it\/?page_id=3887\" \/>\n<meta property=\"og:locale\" content=\"it_IT\" \/>\n<meta property=\"og:type\" content=\"article\" \/>\n<meta property=\"og:title\" content=\"Giuseppe Cicalese - Ma.Vi. Ceramica\" \/>\n<meta property=\"og:description\" content=\"Mikaela Morra is the visionary force behind Minnaro, an interior design studio known for its refined aesthetic, thoughtful craftsmanship, and emotionally resonant spaces. With a background in textile and product design and a deep understanding of architectural form, Mikaela brings a unique, holistic approach to each project\u2014where interiors are not just designed, but deeply considered and curated. Driven by a passion for quiet luxury and timeless design, Mikaela blends elegance with functionality, drawing inspiration from natural materials, subtle palettes, and the stories of the people who inhabit each space. Her meticulous eye for detail and intuitive understanding of how people live have made Minnaro a trusted studio for discerning clients seeking spaces that feel both sophisticated and soulful.\" \/>\n<meta property=\"og:url\" content=\"https:\/\/maviceramica.it\/?page_id=3887\" \/>\n<meta property=\"og:site_name\" content=\"Ma.Vi. Ceramica\" \/>\n<meta property=\"article:modified_time\" content=\"2025-12-23T18:36:32+00:00\" \/>\n<meta property=\"og:image\" content=\"https:\/\/maviceramica.it\/wp-content\/uploads\/2025\/09\/Giuseppe-Cicalese-1536x1536-1.jpg\" \/>\n\t<meta property=\"og:image:width\" content=\"1536\" \/>\n\t<meta property=\"og:image:height\" content=\"1536\" \/>\n\t<meta property=\"og:image:type\" content=\"image\/jpeg\" \/>\n<meta name=\"twitter:card\" content=\"summary_large_image\" \/>\n<meta name=\"twitter:label1\" content=\"Tempo di lettura stimato\" \/>\n\t<meta name=\"twitter:data1\" content=\"2 minuti\" \/>\n<script type=\"application\/ld+json\" class=\"yoast-schema-graph\">{\"@context\":\"https:\/\/schema.org\",\"@graph\":[{\"@type\":\"WebPage\",\"@id\":\"https:\/\/maviceramica.it\/?page_id=3887\",\"url\":\"https:\/\/maviceramica.it\/?page_id=3887\",\"name\":\"Giuseppe Cicalese - Ma.Vi. Ceramica\",\"isPartOf\":{\"@id\":\"https:\/\/maviceramica.it\/#website\"},\"primaryImageOfPage\":{\"@id\":\"https:\/\/maviceramica.it\/?page_id=3887#primaryimage\"},\"image\":{\"@id\":\"https:\/\/maviceramica.it\/?page_id=3887#primaryimage\"},\"thumbnailUrl\":\"https:\/\/maviceramica.it\/wp-content\/uploads\/2025\/09\/Giuseppe-Cicalese-1536x1536-1.jpg\",\"datePublished\":\"2025-05-29T12:29:00+00:00\",\"dateModified\":\"2025-12-23T18:36:32+00:00\",\"breadcrumb\":{\"@id\":\"https:\/\/maviceramica.it\/?page_id=3887#breadcrumb\"},\"inLanguage\":\"it-IT\",\"potentialAction\":[{\"@type\":\"ReadAction\",\"target\":[\"https:\/\/maviceramica.it\/?page_id=3887\"]}]},{\"@type\":\"ImageObject\",\"inLanguage\":\"it-IT\",\"@id\":\"https:\/\/maviceramica.it\/?page_id=3887#primaryimage\",\"url\":\"https:\/\/maviceramica.it\/wp-content\/uploads\/2025\/09\/Giuseppe-Cicalese-1536x1536-1.jpg\",\"contentUrl\":\"https:\/\/maviceramica.it\/wp-content\/uploads\/2025\/09\/Giuseppe-Cicalese-1536x1536-1.jpg\",\"width\":1536,\"height\":1536,\"caption\":\"Architetto\"},{\"@type\":\"BreadcrumbList\",\"@id\":\"https:\/\/maviceramica.it\/?page_id=3887#breadcrumb\",\"itemListElement\":[{\"@type\":\"ListItem\",\"position\":1,\"name\":\"Home\",\"item\":\"https:\/\/maviceramica.it\/\"},{\"@type\":\"ListItem\",\"position\":2,\"name\":\"Designer\",\"item\":\"https:\/\/maviceramica.it\/?page_id=1770\"},{\"@type\":\"ListItem\",\"position\":3,\"name\":\"Giuseppe Cicalese\"}]},{\"@type\":\"WebSite\",\"@id\":\"https:\/\/maviceramica.it\/#website\",\"url\":\"https:\/\/maviceramica.it\/\",\"name\":\"Ma.Vi. Ceramica\",\"description\":\"Ceramiche di Design\",\"publisher\":{\"@id\":\"https:\/\/maviceramica.it\/#organization\"},\"potentialAction\":[{\"@type\":\"SearchAction\",\"target\":{\"@type\":\"EntryPoint\",\"urlTemplate\":\"https:\/\/maviceramica.it\/?s={search_term_string}\"},\"query-input\":{\"@type\":\"PropertyValueSpecification\",\"valueRequired\":true,\"valueName\":\"search_term_string\"}}],\"inLanguage\":\"it-IT\"},{\"@type\":\"Organization\",\"@id\":\"https:\/\/maviceramica.it\/#organization\",\"name\":\"Ma.Vi. Ceramica\",\"url\":\"https:\/\/maviceramica.it\/\",\"logo\":{\"@type\":\"ImageObject\",\"inLanguage\":\"it-IT\",\"@id\":\"https:\/\/maviceramica.it\/#\/schema\/logo\/image\/\",\"url\":\"https:\/\/maviceramica.it\/wp-content\/uploads\/2025\/04\/Logo.svg\",\"contentUrl\":\"https:\/\/maviceramica.it\/wp-content\/uploads\/2025\/04\/Logo.svg\",\"width\":2090,\"height\":512,\"caption\":\"Ma.Vi. Ceramica\"},\"image\":{\"@id\":\"https:\/\/maviceramica.it\/#\/schema\/logo\/image\/\"}}]}<\/script>\n<!-- \/ Yoast SEO plugin. -->","yoast_head_json":{"title":"Giuseppe Cicalese - Ma.Vi. Ceramica","robots":{"index":"index","follow":"follow","max-snippet":"max-snippet:-1","max-image-preview":"max-image-preview:large","max-video-preview":"max-video-preview:-1"},"canonical":"https:\/\/maviceramica.it\/?page_id=3887","og_locale":"it_IT","og_type":"article","og_title":"Giuseppe Cicalese - Ma.Vi. Ceramica","og_description":"Mikaela Morra is the visionary force behind Minnaro, an interior design studio known for its refined aesthetic, thoughtful craftsmanship, and emotionally resonant spaces. With a background in textile and product design and a deep understanding of architectural form, Mikaela brings a unique, holistic approach to each project\u2014where interiors are not just designed, but deeply considered and curated. Driven by a passion for quiet luxury and timeless design, Mikaela blends elegance with functionality, drawing inspiration from natural materials, subtle palettes, and the stories of the people who inhabit each space. Her meticulous eye for detail and intuitive understanding of how people live have made Minnaro a trusted studio for discerning clients seeking spaces that feel both sophisticated and soulful.","og_url":"https:\/\/maviceramica.it\/?page_id=3887","og_site_name":"Ma.Vi. Ceramica","article_modified_time":"2025-12-23T18:36:32+00:00","og_image":[{"width":1536,"height":1536,"url":"https:\/\/maviceramica.it\/wp-content\/uploads\/2025\/09\/Giuseppe-Cicalese-1536x1536-1.jpg","type":"image\/jpeg"}],"twitter_card":"summary_large_image","twitter_misc":{"Tempo di lettura stimato":"2 minuti"},"schema":{"@context":"https:\/\/schema.org","@graph":[{"@type":"WebPage","@id":"https:\/\/maviceramica.it\/?page_id=3887","url":"https:\/\/maviceramica.it\/?page_id=3887","name":"Giuseppe Cicalese - Ma.Vi. Ceramica","isPartOf":{"@id":"https:\/\/maviceramica.it\/#website"},"primaryImageOfPage":{"@id":"https:\/\/maviceramica.it\/?page_id=3887#primaryimage"},"image":{"@id":"https:\/\/maviceramica.it\/?page_id=3887#primaryimage"},"thumbnailUrl":"https:\/\/maviceramica.it\/wp-content\/uploads\/2025\/09\/Giuseppe-Cicalese-1536x1536-1.jpg","datePublished":"2025-05-29T12:29:00+00:00","dateModified":"2025-12-23T18:36:32+00:00","breadcrumb":{"@id":"https:\/\/maviceramica.it\/?page_id=3887#breadcrumb"},"inLanguage":"it-IT","potentialAction":[{"@type":"ReadAction","target":["https:\/\/maviceramica.it\/?page_id=3887"]}]},{"@type":"ImageObject","inLanguage":"it-IT","@id":"https:\/\/maviceramica.it\/?page_id=3887#primaryimage","url":"https:\/\/maviceramica.it\/wp-content\/uploads\/2025\/09\/Giuseppe-Cicalese-1536x1536-1.jpg","contentUrl":"https:\/\/maviceramica.it\/wp-content\/uploads\/2025\/09\/Giuseppe-Cicalese-1536x1536-1.jpg","width":1536,"height":1536,"caption":"Architetto"},{"@type":"BreadcrumbList","@id":"https:\/\/maviceramica.it\/?page_id=3887#breadcrumb","itemListElement":[{"@type":"ListItem","position":1,"name":"Home","item":"https:\/\/maviceramica.it\/"},{"@type":"ListItem","position":2,"name":"Designer","item":"https:\/\/maviceramica.it\/?page_id=1770"},{"@type":"ListItem","position":3,"name":"Giuseppe Cicalese"}]},{"@type":"WebSite","@id":"https:\/\/maviceramica.it\/#website","url":"https:\/\/maviceramica.it\/","name":"Ma.Vi. Ceramica","description":"Ceramiche di Design","publisher":{"@id":"https:\/\/maviceramica.it\/#organization"},"potentialAction":[{"@type":"SearchAction","target":{"@type":"EntryPoint","urlTemplate":"https:\/\/maviceramica.it\/?s={search_term_string}"},"query-input":{"@type":"PropertyValueSpecification","valueRequired":true,"valueName":"search_term_string"}}],"inLanguage":"it-IT"},{"@type":"Organization","@id":"https:\/\/maviceramica.it\/#organization","name":"Ma.Vi. Ceramica","url":"https:\/\/maviceramica.it\/","logo":{"@type":"ImageObject","inLanguage":"it-IT","@id":"https:\/\/maviceramica.it\/#\/schema\/logo\/image\/","url":"https:\/\/maviceramica.it\/wp-content\/uploads\/2025\/04\/Logo.svg","contentUrl":"https:\/\/maviceramica.it\/wp-content\/uploads\/2025\/04\/Logo.svg","width":2090,"height":512,"caption":"Ma.Vi. Ceramica"},"image":{"@id":"https:\/\/maviceramica.it\/#\/schema\/logo\/image\/"}}]}},"_links":{"self":[{"href":"https:\/\/maviceramica.it\/index.php?rest_route=\/wp\/v2\/pages\/3887","targetHints":{"allow":["GET"]}}],"collection":[{"href":"https:\/\/maviceramica.it\/index.php?rest_route=\/wp\/v2\/pages"}],"about":[{"href":"https:\/\/maviceramica.it\/index.php?rest_route=\/wp\/v2\/types\/page"}],"author":[{"embeddable":true,"href":"https:\/\/maviceramica.it\/index.php?rest_route=\/wp\/v2\/users\/1"}],"replies":[{"embeddable":true,"href":"https:\/\/maviceramica.it\/index.php?rest_route=%2Fwp%2Fv2%2Fcomments&post=3887"}],"version-history":[{"count":15,"href":"https:\/\/maviceramica.it\/index.php?rest_route=\/wp\/v2\/pages\/3887\/revisions"}],"predecessor-version":[{"id":990341,"href":"https:\/\/maviceramica.it\/index.php?rest_route=\/wp\/v2\/pages\/3887\/revisions\/990341"}],"up":[{"embeddable":true,"href":"https:\/\/maviceramica.it\/index.php?rest_route=\/wp\/v2\/pages\/1770"}],"wp:featuredmedia":[{"embeddable":true,"href":"https:\/\/maviceramica.it\/index.php?rest_route=\/wp\/v2\/media\/987885"}],"wp:attachment":[{"href":"https:\/\/maviceramica.it\/index.php?rest_route=%2Fwp%2Fv2%2Fmedia&parent=3887"}],"curies":[{"name":"wp","href":"https:\/\/api.w.org\/{rel}","templated":true}]}}